{"id":81,"date":"2025-10-15T14:54:02","date_gmt":"2025-10-15T14:54:02","guid":{"rendered":"https:\/\/damiuslugi.pl\/?page_id=81"},"modified":"2025-11-01T10:14:24","modified_gmt":"2025-11-01T10:14:24","slug":"bwt-edukacja","status":"publish","type":"page","link":"https:\/\/damiuslugi.pl\/?page_id=81","title":{"rendered":"BWT.Edukacja"},"content":{"rendered":"\n<div class=\"wp-block-media-text alignwide is-stacked-on-mobile\"><figure class=\"wp-block-media-text__media\"><img loading=\"lazy\" decoding=\"async\" width=\"1024\" height=\"1024\" src=\"https:\/\/damiuslugi.pl\/wp-content\/uploads\/2025\/10\/BWT-Edukacja-Copilot_20251015_210357.png\" alt=\"\" class=\"wp-image-84 size-full\" srcset=\"https:\/\/damiuslugi.pl\/wp-content\/uploads\/2025\/10\/BWT-Edukacja-Copilot_20251015_210357.png 1024w, https:\/\/damiuslugi.pl\/wp-content\/uploads\/2025\/10\/BWT-Edukacja-Copilot_20251015_210357-300x300.png 300w, https:\/\/damiuslugi.pl\/wp-content\/uploads\/2025\/10\/BWT-Edukacja-Copilot_20251015_210357-150x150.png 150w, https:\/\/damiuslugi.pl\/wp-content\/uploads\/2025\/10\/BWT-Edukacja-Copilot_20251015_210357-768x768.png 768w\" sizes=\"auto, (max-width: 1024px) 100vw, 1024px\" \/><\/figure><div class=\"wp-block-media-text__content\">\n<p>BWT.Edukacja jest autorskim rozwi\u0105zaniem. Jest to \u015brodowisko pracy, w kt\u00f3rym pracownicy maja mo\u017cliwo\u015b\u0107 pracy z dowolnego urz\u0105dzenia poprzez logowanie si\u0119 do swojego wirtualnego biura. Po zalogowaniu si\u0119 maja dost\u0119p do wszystkich udost\u0119pnionych przez pracodawc\u0119 dokument\u00f3w. Pracownicy mog\u0105 pracowa\u0107 nad wybranymi dokumentami jednocze\u015bnie bez potrzeby ich przesy\u0142ania czy udost\u0119pniania.<\/p>\n\n\n\n<p>\u015arodowisko BWT.Edukacja umo\u017cliwia systematyczn\u0105 prac\u0119 nad danymi plac\u00f3wki eliminuj\u0105c potrzeb\u0119 korzystania z tabelek Excela dla przechowywania danych.<\/p>\n\n\n\n<ul class=\"wp-block-list\">\n<li>Rejestr dzieci (komunikacja SMS i email)<\/li>\n\n\n\n<li>Rejestr pracownik\u00f3w<\/li>\n\n\n\n<li>Grafiki zaj\u0119\u0107<\/li>\n\n\n\n<li>Dzienniki elektroniczne<\/li>\n\n\n\n<li>Rejestr dokument\u00f3w wydanych\/przyj\u0119tych<\/li>\n\n\n\n<li>Faktury (synchronizacja z KSeF) + rozliczanie dotacji<\/li>\n\n\n\n<li>Rejestr \u015brodk\u00f3w trwa\u0142ych<\/li>\n\n\n\n<li>&#8230; wiele innych<\/li>\n<\/ul>\n<\/div><\/div>\n","protected":false},"excerpt":{"rendered":"","protected":false},"author":1,"featured_media":0,"parent":0,"menu_order":0,"comment_status":"closed","ping_status":"closed","template":"","meta":{"footnotes":""},"class_list":["post-81","page","type-page","status-publish","hentry"],"_links":{"self":[{"href":"https:\/\/damiuslugi.pl\/index.php?rest_route=\/wp\/v2\/pages\/81","targetHints":{"allow":["GET"]}}],"collection":[{"href":"https:\/\/damiuslugi.pl\/index.php?rest_route=\/wp\/v2\/pages"}],"about":[{"href":"https:\/\/damiuslugi.pl\/index.php?rest_route=\/wp\/v2\/types\/page"}],"author":[{"embeddable":true,"href":"https:\/\/damiuslugi.pl\/index.php?rest_route=\/wp\/v2\/users\/1"}],"replies":[{"embeddable":true,"href":"https:\/\/damiuslugi.pl\/index.php?rest_route=%2Fwp%2Fv2%2Fcomments&post=81"}],"version-history":[{"count":5,"href":"https:\/\/damiuslugi.pl\/index.php?rest_route=\/wp\/v2\/pages\/81\/revisions"}],"predecessor-version":[{"id":106,"href":"https:\/\/damiuslugi.pl\/index.php?rest_route=\/wp\/v2\/pages\/81\/revisions\/106"}],"wp:attachment":[{"href":"https:\/\/damiuslugi.pl\/index.php?rest_route=%2Fwp%2Fv2%2Fmedia&parent=81"}],"curies":[{"name":"wp","href":"https:\/\/api.w.org\/{rel}","templated":true}]}}