{"id":47,"date":"2025-10-15T12:00:39","date_gmt":"2025-10-15T12:00:39","guid":{"rendered":"https:\/\/damiuslugi.pl\/?page_id=47"},"modified":"2025-10-15T13:33:54","modified_gmt":"2025-10-15T13:33:54","slug":"szkolenia","status":"publish","type":"page","link":"https:\/\/damiuslugi.pl\/?page_id=47","title":{"rendered":"Szkolenia"},"content":{"rendered":"\n<div class=\"wp-block-media-text alignwide is-stacked-on-mobile\" style=\"grid-template-columns:30% auto\"><figure class=\"wp-block-media-text__media\"><img loading=\"lazy\" decoding=\"async\" width=\"1024\" height=\"1024\" src=\"https:\/\/damiuslugi.pl\/wp-content\/uploads\/2025\/10\/Szkolenie.jpg\" alt=\"\" class=\"wp-image-57 size-full\" srcset=\"https:\/\/damiuslugi.pl\/wp-content\/uploads\/2025\/10\/Szkolenie.jpg 1024w, https:\/\/damiuslugi.pl\/wp-content\/uploads\/2025\/10\/Szkolenie-300x300.jpg 300w, https:\/\/damiuslugi.pl\/wp-content\/uploads\/2025\/10\/Szkolenie-150x150.jpg 150w, https:\/\/damiuslugi.pl\/wp-content\/uploads\/2025\/10\/Szkolenie-768x768.jpg 768w\" sizes=\"auto, (max-width: 1024px) 100vw, 1024px\" \/><\/figure><div class=\"wp-block-media-text__content\">\n<p>Mamy ogromne do\u015bwiadczeniu w szkoleniu pracownik\u00f3w w zakresie praktycznej znajomo\u015bci narz\u0119dzi pracy takich jak Word czy BWT.Edukacja.<\/p>\n\n\n\n<p><\/p>\n<\/div><\/div>\n","protected":false},"excerpt":{"rendered":"<p>Mamy ogromne do\u015bwiadczeniu w szkoleniu pracownik\u00f3w w zakresie praktycznej znajomo\u015bci narz\u0119dzi pracy takich jak Word czy BWT.Edukacja.<\/p>\n","protected":false},"author":1,"featured_media":0,"parent":0,"menu_order":0,"comment_status":"closed","ping_status":"closed","template":"","meta":{"footnotes":""},"class_list":["post-47","page","type-page","status-publish","hentry"],"_links":{"self":[{"href":"https:\/\/damiuslugi.pl\/index.php?rest_route=\/wp\/v2\/pages\/47","targetHints":{"allow":["GET"]}}],"collection":[{"href":"https:\/\/damiuslugi.pl\/index.php?rest_route=\/wp\/v2\/pages"}],"about":[{"href":"https:\/\/damiuslugi.pl\/index.php?rest_route=\/wp\/v2\/types\/page"}],"author":[{"embeddable":true,"href":"https:\/\/damiuslugi.pl\/index.php?rest_route=\/wp\/v2\/users\/1"}],"replies":[{"embeddable":true,"href":"https:\/\/damiuslugi.pl\/index.php?rest_route=%2Fwp%2Fv2%2Fcomments&post=47"}],"version-history":[{"count":3,"href":"https:\/\/damiuslugi.pl\/index.php?rest_route=\/wp\/v2\/pages\/47\/revisions"}],"predecessor-version":[{"id":67,"href":"https:\/\/damiuslugi.pl\/index.php?rest_route=\/wp\/v2\/pages\/47\/revisions\/67"}],"wp:attachment":[{"href":"https:\/\/damiuslugi.pl\/index.php?rest_route=%2Fwp%2Fv2%2Fmedia&parent=47"}],"curies":[{"name":"wp","href":"https:\/\/api.w.org\/{rel}","templated":true}]}}