{"id":2,"date":"2023-10-24T20:05:17","date_gmt":"2023-10-24T20:05:17","guid":{"rendered":"https:\/\/damiuslugi.pl\/?page_id=2"},"modified":"2025-11-01T09:53:13","modified_gmt":"2025-11-01T09:53:13","slug":"o-nas","status":"publish","type":"page","link":"https:\/\/damiuslugi.pl\/?page_id=2","title":{"rendered":"O nas"},"content":{"rendered":"\n<p>Jeste\u015bmy ma\u0142ym zespo\u0142em zapale\u0144c\u00f3w z aspiracj\u0105 aby pomaga\u0107 ma\u0142ym biurom we wszystkich kwestiach zwi\u0105zanych z IT. Rozwi\u0105zujemy problemy codzienne, ale te\u017c pomagamy w realizacji plan\u00f3w rozwojowych.<\/p>\n\n\n\n<p>Dodatkowo wyspecjalizowali\u015bmy si\u0119 w RODO, bo wiemy jak wa\u017cny ale przykry to obowi\u0105zek.<\/p>\n\n\n\n<p>Naszym klientom pomagamy te\u017c w realizacji niekt\u00f3rych wymog\u00f3w prawnych np. obowi\u0105zku wystawiania faktur we KSef czy zainstalowanie skrzynki pocztowej e-dor\u0119cze\u0144.<\/p>\n\n\n\n<p>Mamy do\u015bwiadczenie w wykorzystaniu funduszy <strong>KFS<\/strong> do realizacji wdro\u017cenie zintegrowanych system\u00f3w informatycznych i szkole\u0144 pracownik\u00f3w.<\/p>\n\n\n\n<p>Szczeg\u00f3lnie dumni jeste\u015bmy z efekt\u00f3w przeprowadzonych szkole\u0144, podczas kt\u00f3rych staramy si\u0119 przekaza\u0107 wiedz\u0119 praktyczn\u0105 potrzebna w pracy codziennej.<\/p>\n\n\n\n<p>Dzia\u0142amy Warszawie i okolicach, ale otwarci jeste\u015bmy na wsp\u00f3\u0142prac\u0119 z biurami w ca\u0142ym kraju.<\/p>\n\n\n\n<blockquote class=\"wp-block-quote is-layout-flow wp-block-quote-is-layout-flow\">\n<p><strong>Teraz tw\u00f3j problem z niedzia\u0142aj\u0105c\u0105 drukark\u0105 to nasz problem.<\/strong><\/p>\n\n\n\n<p><strong>Internet ma dzia\u0142a\u0107 i ju\u017c!<\/strong><\/p>\n\n\n\n<p><strong>RODO jest pod opiek\u0105 i nie uprzykrza codziennej pracy.<\/strong><\/p>\n\n\n\n<p><strong>Mam kogo\u015b kto mi pomo\u017ce.<\/strong><\/p>\n<\/blockquote>\n\n\n\n<p>&#8230; czy Ty te\u017c potrzebujesz pomocy? Zg\u0142o\u015b si\u0119 do nas, na pewno pomo\u017cemy &#8211; <a href=\"https:\/\/damiuslugi.pl\/?page_id=97\" data-type=\"page\" data-id=\"97\">Kontakt<\/a>.<\/p>\n\n\n\n<p>Dane GUS: DAMI Us\u0142ugi &#8211; Dariusz Miszczak, NIP: 71311466268<\/p>\n\n\n\n<p>Przyk\u0142adowy cennik us\u0142ug<\/p>\n\n\n\n<figure class=\"wp-block-table\"><table class=\"has-fixed-layout\"><tbody><tr><td>Us\u0142uga<\/td><td>Cennik (przyk\u0142ad), ceny brutto<\/td><\/tr><tr><td>Abonament IT (bez dojazd\u00f3w)<\/td><td>615z\u0142 miesi\u0119cznie<\/td><\/tr><tr><td>Abonament IOD<\/td><td>615z\u0142 miesi\u0119cznie<\/td><\/tr><tr><td>Godzina pracy<\/td><td>100z\u0142 <\/td><\/tr><\/tbody><\/table><\/figure>\n\n\n\n<p><\/p>\n","protected":false},"excerpt":{"rendered":"<p>Jeste\u015bmy ma\u0142ym zespo\u0142em zapale\u0144c\u00f3w z aspiracj\u0105 aby pomaga\u0107 ma\u0142ym biurom we wszystkich kwestiach zwi\u0105zanych z IT. Rozwi\u0105zujemy problemy codzienne, ale te\u017c pomagamy w realizacji plan\u00f3w rozwojowych. Dodatkowo wyspecjalizowali\u015bmy si\u0119 w RODO, bo wiemy jak wa\u017cny ale przykry to obowi\u0105zek. Naszym klientom pomagamy te\u017c w realizacji niekt\u00f3rych wymog\u00f3w prawnych np. obowi\u0105zku wystawiania faktur we KSef czy [&hellip;]<\/p>\n","protected":false},"author":1,"featured_media":0,"parent":0,"menu_order":0,"comment_status":"closed","ping_status":"closed","template":"","meta":{"footnotes":""},"class_list":["post-2","page","type-page","status-publish","hentry"],"_links":{"self":[{"href":"https:\/\/damiuslugi.pl\/index.php?rest_route=\/wp\/v2\/pages\/2","targetHints":{"allow":["GET"]}}],"collection":[{"href":"https:\/\/damiuslugi.pl\/index.php?rest_route=\/wp\/v2\/pages"}],"about":[{"href":"https:\/\/damiuslugi.pl\/index.php?rest_route=\/wp\/v2\/types\/page"}],"author":[{"embeddable":true,"href":"https:\/\/damiuslugi.pl\/index.php?rest_route=\/wp\/v2\/users\/1"}],"replies":[{"embeddable":true,"href":"https:\/\/damiuslugi.pl\/index.php?rest_route=%2Fwp%2Fv2%2Fcomments&post=2"}],"version-history":[{"count":16,"href":"https:\/\/damiuslugi.pl\/index.php?rest_route=\/wp\/v2\/pages\/2\/revisions"}],"predecessor-version":[{"id":102,"href":"https:\/\/damiuslugi.pl\/index.php?rest_route=\/wp\/v2\/pages\/2\/revisions\/102"}],"wp:attachment":[{"href":"https:\/\/damiuslugi.pl\/index.php?rest_route=%2Fwp%2Fv2%2Fmedia&parent=2"}],"curies":[{"name":"wp","href":"https:\/\/api.w.org\/{rel}","templated":true}]}}