{"id":17,"date":"2025-10-15T09:35:40","date_gmt":"2025-10-15T09:35:40","guid":{"rendered":"https:\/\/damiuslugi.pl\/?page_id=17"},"modified":"2025-10-15T14:07:41","modified_gmt":"2025-10-15T14:07:41","slug":"internet-wifi","status":"publish","type":"page","link":"https:\/\/damiuslugi.pl\/?page_id=17","title":{"rendered":"Internet WIFI"},"content":{"rendered":"\n<div class=\"wp-block-media-text alignwide is-stacked-on-mobile\" style=\"grid-template-columns:32% auto\"><figure class=\"wp-block-media-text__media\"><img decoding=\"async\" src=\"https:\/\/damiuslugi.pl\/wp-content\/uploads\/2025\/10\/Network-service.png\" alt=\"\" class=\"wp-image-70 size-full\"\/><\/figure><div class=\"wp-block-media-text__content\">\n<p>Bez internetu praca nowoczesnego biura jest niemo\u017cliwa. Dlatego dbamy o to by nasi klienci mieli stabilny dost\u0119p do internetu. Dost\u0119p kt\u00f3ry umo\u017cliwia p\u0142ynn\u0105 prac\u0119 wszystkich urz\u0105dze\u0144 komputer\u00f3w, kom\u00f3rek, drukarek, &#8230;<\/p>\n\n\n\n<p>Sie\u0107 WIFI nie ma przed nami tajemnic.<\/p>\n<\/div><\/div>\n","protected":false},"excerpt":{"rendered":"<p>Bez internetu praca nowoczesnego biura jest niemo\u017cliwa. Dlatego dbamy o to by nasi klienci mieli stabilny dost\u0119p do internetu. Dost\u0119p kt\u00f3ry umo\u017cliwia p\u0142ynn\u0105 prac\u0119 wszystkich urz\u0105dze\u0144 komputer\u00f3w, kom\u00f3rek, drukarek, &#8230; Sie\u0107 WIFI nie ma przed nami tajemnic.<\/p>\n","protected":false},"author":1,"featured_media":0,"parent":0,"menu_order":0,"comment_status":"closed","ping_status":"closed","template":"","meta":{"footnotes":""},"class_list":["post-17","page","type-page","status-publish","hentry"],"_links":{"self":[{"href":"https:\/\/damiuslugi.pl\/index.php?rest_route=\/wp\/v2\/pages\/17","targetHints":{"allow":["GET"]}}],"collection":[{"href":"https:\/\/damiuslugi.pl\/index.php?rest_route=\/wp\/v2\/pages"}],"about":[{"href":"https:\/\/damiuslugi.pl\/index.php?rest_route=\/wp\/v2\/types\/page"}],"author":[{"embeddable":true,"href":"https:\/\/damiuslugi.pl\/index.php?rest_route=\/wp\/v2\/users\/1"}],"replies":[{"embeddable":true,"href":"https:\/\/damiuslugi.pl\/index.php?rest_route=%2Fwp%2Fv2%2Fcomments&post=17"}],"version-history":[{"count":3,"href":"https:\/\/damiuslugi.pl\/index.php?rest_route=\/wp\/v2\/pages\/17\/revisions"}],"predecessor-version":[{"id":73,"href":"https:\/\/damiuslugi.pl\/index.php?rest_route=\/wp\/v2\/pages\/17\/revisions\/73"}],"wp:attachment":[{"href":"https:\/\/damiuslugi.pl\/index.php?rest_route=%2Fwp%2Fv2%2Fmedia&parent=17"}],"curies":[{"name":"wp","href":"https:\/\/api.w.org\/{rel}","templated":true}]}}