{"id":16,"date":"2025-10-15T09:36:10","date_gmt":"2025-10-15T09:36:10","guid":{"rendered":"https:\/\/damiuslugi.pl\/?page_id=16"},"modified":"2025-10-15T13:25:30","modified_gmt":"2025-10-15T13:25:30","slug":"urzadzenia-it","status":"publish","type":"page","link":"https:\/\/damiuslugi.pl\/?page_id=16","title":{"rendered":"Urz\u0105dzenia IT"},"content":{"rendered":"\n<div class=\"wp-block-media-text alignwide is-stacked-on-mobile\" style=\"grid-template-columns:31% auto\"><figure class=\"wp-block-media-text__media\"><img loading=\"lazy\" decoding=\"async\" width=\"1024\" height=\"1024\" src=\"https:\/\/damiuslugi.pl\/wp-content\/uploads\/2025\/10\/Uslugi-IT-1.jpg\" alt=\"\" class=\"wp-image-54 size-full\" srcset=\"https:\/\/damiuslugi.pl\/wp-content\/uploads\/2025\/10\/Uslugi-IT-1.jpg 1024w, https:\/\/damiuslugi.pl\/wp-content\/uploads\/2025\/10\/Uslugi-IT-1-300x300.jpg 300w, https:\/\/damiuslugi.pl\/wp-content\/uploads\/2025\/10\/Uslugi-IT-1-150x150.jpg 150w, https:\/\/damiuslugi.pl\/wp-content\/uploads\/2025\/10\/Uslugi-IT-1-768x768.jpg 768w\" sizes=\"auto, (max-width: 1024px) 100vw, 1024px\" \/><\/figure><div class=\"wp-block-media-text__content\">\n<p>Mamy bogate do\u015bwiadczenie w urz\u0105dzeniach IT. Wiemy co jest wa\u017cne w ich zakupie jakie cechy s\u0105 wa\u017cne dla u\u017cytkownik\u00f3w. Doradzamy w zakupie lub na \u017cyczenie kupujemy dobre urz\u0105dzenia w rozs\u0105dnych cenach.<\/p>\n\n\n\n<p>Pomagamy ogranicza\u0107 zb\u0119dne koszty.<\/p>\n\n\n\n<p>Po zakupie konfigurujemy zakupione urz\u0105dzenia i szkolimy u\u017cytkownik\u00f3w.<\/p>\n<\/div><\/div>\n","protected":false},"excerpt":{"rendered":"<p>Mamy bogate do\u015bwiadczenie w urz\u0105dzeniach IT. Wiemy co jest wa\u017cne w ich zakupie jakie cechy s\u0105 wa\u017cne dla u\u017cytkownik\u00f3w. Doradzamy w zakupie lub na \u017cyczenie kupujemy dobre urz\u0105dzenia w rozs\u0105dnych cenach. Pomagamy ogranicza\u0107 zb\u0119dne koszty. Po zakupie konfigurujemy zakupione urz\u0105dzenia i szkolimy u\u017cytkownik\u00f3w.<\/p>\n","protected":false},"author":1,"featured_media":0,"parent":0,"menu_order":0,"comment_status":"closed","ping_status":"closed","template":"","meta":{"footnotes":""},"class_list":["post-16","page","type-page","status-publish","hentry"],"_links":{"self":[{"href":"https:\/\/damiuslugi.pl\/index.php?rest_route=\/wp\/v2\/pages\/16","targetHints":{"allow":["GET"]}}],"collection":[{"href":"https:\/\/damiuslugi.pl\/index.php?rest_route=\/wp\/v2\/pages"}],"about":[{"href":"https:\/\/damiuslugi.pl\/index.php?rest_route=\/wp\/v2\/types\/page"}],"author":[{"embeddable":true,"href":"https:\/\/damiuslugi.pl\/index.php?rest_route=\/wp\/v2\/users\/1"}],"replies":[{"embeddable":true,"href":"https:\/\/damiuslugi.pl\/index.php?rest_route=%2Fwp%2Fv2%2Fcomments&post=16"}],"version-history":[{"count":3,"href":"https:\/\/damiuslugi.pl\/index.php?rest_route=\/wp\/v2\/pages\/16\/revisions"}],"predecessor-version":[{"id":63,"href":"https:\/\/damiuslugi.pl\/index.php?rest_route=\/wp\/v2\/pages\/16\/revisions\/63"}],"wp:attachment":[{"href":"https:\/\/damiuslugi.pl\/index.php?rest_route=%2Fwp%2Fv2%2Fmedia&parent=16"}],"curies":[{"name":"wp","href":"https:\/\/api.w.org\/{rel}","templated":true}]}}