{"id":15,"date":"2025-10-15T09:35:54","date_gmt":"2025-10-15T09:35:54","guid":{"rendered":"https:\/\/damiuslugi.pl\/?page_id=15"},"modified":"2025-10-15T14:53:02","modified_gmt":"2025-10-15T14:53:02","slug":"microsoft-365","status":"publish","type":"page","link":"https:\/\/damiuslugi.pl\/?page_id=15","title":{"rendered":"Microsoft 365"},"content":{"rendered":"\n<div class=\"wp-block-media-text alignwide is-stacked-on-mobile\" style=\"grid-template-columns:34% auto\"><figure class=\"wp-block-media-text__media\"><img loading=\"lazy\" decoding=\"async\" width=\"1024\" height=\"741\" src=\"https:\/\/damiuslugi.pl\/wp-content\/uploads\/2025\/10\/Microsoft365-1024x741.png\" alt=\"\" class=\"wp-image-74 size-full\" srcset=\"https:\/\/damiuslugi.pl\/wp-content\/uploads\/2025\/10\/Microsoft365-1024x741.png 1024w, https:\/\/damiuslugi.pl\/wp-content\/uploads\/2025\/10\/Microsoft365-300x217.png 300w, https:\/\/damiuslugi.pl\/wp-content\/uploads\/2025\/10\/Microsoft365-768x556.png 768w, https:\/\/damiuslugi.pl\/wp-content\/uploads\/2025\/10\/Microsoft365-1536x1111.png 1536w, https:\/\/damiuslugi.pl\/wp-content\/uploads\/2025\/10\/Microsoft365.png 1721w\" sizes=\"auto, (max-width: 1024px) 100vw, 1024px\" \/><\/figure><div class=\"wp-block-media-text__content\">\n<p>Firma Microsoft oferuje \u015brodowisko EDU A1 dla wybranych podmiot\u00f3w u\u017cyteczno\u015bci publicznej bez dodatkowych koszt\u00f3w.<\/p>\n\n\n\n<p>\u015arodowisko pozwala korzysta\u0107 z nowoczesnych narz\u0119dzi pracy, do kt\u00f3rych pracownicy maj\u0105 dost\u0119p z wielu urz\u0105dze\u0144. Pracodawcy natomiast maja pe\u0142na kontrol\u0119 nad danymi.<\/p>\n\n\n\n<p>Z pe\u0142nym przekonaniem rekomendujemy cyfrow\u0105 transformacj\u0119 do \u015brodowiska Microsoft 365, ka\u017cdej organizacji dla kt\u00f3rej bezpiecze\u0144stwo danych i efektywno\u015b\u0107 pracy zespo\u0142u jest priorytetem.<\/p>\n<\/div><\/div>\n\n\n\n<div class=\"wp-block-media-text alignwide is-stacked-on-mobile\" style=\"grid-template-columns:34% auto\"><figure class=\"wp-block-media-text__media\"><img loading=\"lazy\" decoding=\"async\" width=\"1024\" height=\"1024\" src=\"https:\/\/damiuslugi.pl\/wp-content\/uploads\/2025\/10\/Teamwork.png\" alt=\"\" class=\"wp-image-76 size-full\" srcset=\"https:\/\/damiuslugi.pl\/wp-content\/uploads\/2025\/10\/Teamwork.png 1024w, https:\/\/damiuslugi.pl\/wp-content\/uploads\/2025\/10\/Teamwork-300x300.png 300w, https:\/\/damiuslugi.pl\/wp-content\/uploads\/2025\/10\/Teamwork-150x150.png 150w, https:\/\/damiuslugi.pl\/wp-content\/uploads\/2025\/10\/Teamwork-768x768.png 768w\" sizes=\"auto, (max-width: 1024px) 100vw, 1024px\" \/><\/figure><div class=\"wp-block-media-text__content\">\n<p>Uwa\u017cnie s\u0142uchamy potrzeb klient\u00f3w. Staramy si\u0119 pokazywa\u0107 mo\u017cliwo\u015bci jakie daje \u015brodowisko cyfrowe w przyst\u0119pny i przyjazny spos\u00f3b. <\/p>\n\n\n\n<p>Jeste\u015bmy cierpliwi i wyrozumiali, dobrze wiemy jak du\u017co wysi\u0142ku kosztuje ka\u017cda zmiana organizacji pracy. Dlatego blisko wsp\u00f3\u0142pracujemy z zespo\u0142em klienta na ka\u017cdym etapie cyfrowej transformacji.<\/p>\n\n\n\n<p>My prowadzimy ca\u0142y projekt od samego pocz\u0105tku, w kt\u00f3rym okre\u015blamy co ma by\u0107 zrobione, do samego ko\u0144ca czyli wdro\u017cenia zmian, jak i w p\u00f3\u017aniejszym terminie jako bie\u017c\u0105ce wsparcie techniczne zespo\u0142u.<\/p>\n<\/div><\/div>\n\n\n\n<div class=\"wp-block-media-text alignwide is-stacked-on-mobile\" style=\"grid-template-columns:34% auto\"><figure class=\"wp-block-media-text__media\"><img loading=\"lazy\" decoding=\"async\" width=\"1024\" height=\"1024\" src=\"https:\/\/damiuslugi.pl\/wp-content\/uploads\/2025\/10\/Admin-at-work.png\" alt=\"\" class=\"wp-image-79 size-full\" srcset=\"https:\/\/damiuslugi.pl\/wp-content\/uploads\/2025\/10\/Admin-at-work.png 1024w, https:\/\/damiuslugi.pl\/wp-content\/uploads\/2025\/10\/Admin-at-work-300x300.png 300w, https:\/\/damiuslugi.pl\/wp-content\/uploads\/2025\/10\/Admin-at-work-150x150.png 150w, https:\/\/damiuslugi.pl\/wp-content\/uploads\/2025\/10\/Admin-at-work-768x768.png 768w\" sizes=\"auto, (max-width: 1024px) 100vw, 1024px\" \/><\/figure><div class=\"wp-block-media-text__content\">\n<p>Od kuchni&#8230;<\/p>\n\n\n\n<p>My zajmujemy si\u0119 wszystkimi aspektami technicznymi przygotowywanych i wprowadzanych rozwi\u0105za\u0144 technicznych, kt\u00f3re obejmuj\u0105:<\/p>\n\n\n\n<ul class=\"wp-block-list\">\n<li>planowanie szczeg\u00f3\u0142\u00f3w rozwi\u0105za\u0144 technicznych<\/li>\n\n\n\n<li>przygotowanie oprogramowania w Power Apps<\/li>\n\n\n\n<li>administrowanie u\u017cytkownikami i ich uprawnieniami<\/li>\n\n\n\n<li>nadz\u00f3r na bazami danych i okresowe backup&#8217;owanie<\/li>\n\n\n\n<li>aktualizacja dokumentacji szkoleniowej<\/li>\n\n\n\n<li>prowadzenie szkole\u0144<\/li>\n<\/ul>\n<\/div><\/div>\n","protected":false},"excerpt":{"rendered":"<p>Firma Microsoft oferuje \u015brodowisko EDU A1 dla wybranych podmiot\u00f3w u\u017cyteczno\u015bci publicznej bez dodatkowych koszt\u00f3w. \u015arodowisko pozwala korzysta\u0107 z nowoczesnych narz\u0119dzi pracy, do kt\u00f3rych pracownicy maj\u0105 dost\u0119p z wielu urz\u0105dze\u0144. Pracodawcy natomiast maja pe\u0142na kontrol\u0119 nad danymi. Z pe\u0142nym przekonaniem rekomendujemy cyfrow\u0105 transformacj\u0119 do \u015brodowiska Microsoft 365, ka\u017cdej organizacji dla kt\u00f3rej bezpiecze\u0144stwo danych i efektywno\u015b\u0107 pracy [&hellip;]<\/p>\n","protected":false},"author":1,"featured_media":0,"parent":0,"menu_order":0,"comment_status":"closed","ping_status":"closed","template":"","meta":{"footnotes":""},"class_list":["post-15","page","type-page","status-publish","hentry"],"_links":{"self":[{"href":"https:\/\/damiuslugi.pl\/index.php?rest_route=\/wp\/v2\/pages\/15","targetHints":{"allow":["GET"]}}],"collection":[{"href":"https:\/\/damiuslugi.pl\/index.php?rest_route=\/wp\/v2\/pages"}],"about":[{"href":"https:\/\/damiuslugi.pl\/index.php?rest_route=\/wp\/v2\/types\/page"}],"author":[{"embeddable":true,"href":"https:\/\/damiuslugi.pl\/index.php?rest_route=\/wp\/v2\/users\/1"}],"replies":[{"embeddable":true,"href":"https:\/\/damiuslugi.pl\/index.php?rest_route=%2Fwp%2Fv2%2Fcomments&post=15"}],"version-history":[{"count":4,"href":"https:\/\/damiuslugi.pl\/index.php?rest_route=\/wp\/v2\/pages\/15\/revisions"}],"predecessor-version":[{"id":80,"href":"https:\/\/damiuslugi.pl\/index.php?rest_route=\/wp\/v2\/pages\/15\/revisions\/80"}],"wp:attachment":[{"href":"https:\/\/damiuslugi.pl\/index.php?rest_route=%2Fwp%2Fv2%2Fmedia&parent=15"}],"curies":[{"name":"wp","href":"https:\/\/api.w.org\/{rel}","templated":true}]}}