{"id":11,"date":"2025-10-15T09:21:56","date_gmt":"2025-10-15T09:21:56","guid":{"rendered":"https:\/\/damiuslugi.pl\/?page_id=11"},"modified":"2025-10-15T13:24:33","modified_gmt":"2025-10-15T13:24:33","slug":"rodo-iod","status":"publish","type":"page","link":"https:\/\/damiuslugi.pl\/?page_id=11","title":{"rendered":"RODO IOD"},"content":{"rendered":"\n<div class=\"wp-block-media-text alignwide is-stacked-on-mobile\" style=\"grid-template-columns:29% auto\"><figure class=\"wp-block-media-text__media\"><img loading=\"lazy\" decoding=\"async\" width=\"1024\" height=\"1024\" src=\"https:\/\/damiuslugi.pl\/wp-content\/uploads\/2025\/10\/RODO-3.jpg\" alt=\"\" class=\"wp-image-53 size-full\" srcset=\"https:\/\/damiuslugi.pl\/wp-content\/uploads\/2025\/10\/RODO-3.jpg 1024w, https:\/\/damiuslugi.pl\/wp-content\/uploads\/2025\/10\/RODO-3-300x300.jpg 300w, https:\/\/damiuslugi.pl\/wp-content\/uploads\/2025\/10\/RODO-3-150x150.jpg 150w, https:\/\/damiuslugi.pl\/wp-content\/uploads\/2025\/10\/RODO-3-768x768.jpg 768w\" sizes=\"auto, (max-width: 1024px) 100vw, 1024px\" \/><\/figure><div class=\"wp-block-media-text__content\">\n<p>Oferujemy gotowe do wdro\u017cenia zestawy <strong>Polityki Ochrony Danych Osobowych<\/strong>.<\/p>\n\n\n\n<p>Wdro\u017cenie obejmuje dopasowanie dokumentacji RODO do specyficznych potrzeb organizacji.<\/p>\n\n\n\n<p>Przeprowadzamy <strong>szkolenie wst\u0119pne<\/strong> i na \u017cyczenie szkolenia przypominaj\u0105ce dla pracownik\u00f3w. Szkolenia dokumentowane s\u0105 certyfikatami.<\/p>\n\n\n\n<p>Na \u017cyczenie mo\u017cemy realizowa\u0107 obowi\u0105zki <strong>Inspektora Danych Osobowych<\/strong>.<\/p>\n<\/div><\/div>\n\n\n\n<p><\/p>\n","protected":false},"excerpt":{"rendered":"<p>Oferujemy gotowe do wdro\u017cenia zestawy Polityki Ochrony Danych Osobowych. Wdro\u017cenie obejmuje dopasowanie dokumentacji RODO do specyficznych potrzeb organizacji. Przeprowadzamy szkolenie wst\u0119pne i na \u017cyczenie szkolenia przypominaj\u0105ce dla pracownik\u00f3w. Szkolenia dokumentowane s\u0105 certyfikatami. Na \u017cyczenie mo\u017cemy realizowa\u0107 obowi\u0105zki Inspektora Danych Osobowych.<\/p>\n","protected":false},"author":1,"featured_media":0,"parent":0,"menu_order":0,"comment_status":"closed","ping_status":"closed","template":"","meta":{"footnotes":""},"class_list":["post-11","page","type-page","status-publish","hentry"],"_links":{"self":[{"href":"https:\/\/damiuslugi.pl\/index.php?rest_route=\/wp\/v2\/pages\/11","targetHints":{"allow":["GET"]}}],"collection":[{"href":"https:\/\/damiuslugi.pl\/index.php?rest_route=\/wp\/v2\/pages"}],"about":[{"href":"https:\/\/damiuslugi.pl\/index.php?rest_route=\/wp\/v2\/types\/page"}],"author":[{"embeddable":true,"href":"https:\/\/damiuslugi.pl\/index.php?rest_route=\/wp\/v2\/users\/1"}],"replies":[{"embeddable":true,"href":"https:\/\/damiuslugi.pl\/index.php?rest_route=%2Fwp%2Fv2%2Fcomments&post=11"}],"version-history":[{"count":3,"href":"https:\/\/damiuslugi.pl\/index.php?rest_route=\/wp\/v2\/pages\/11\/revisions"}],"predecessor-version":[{"id":62,"href":"https:\/\/damiuslugi.pl\/index.php?rest_route=\/wp\/v2\/pages\/11\/revisions\/62"}],"wp:attachment":[{"href":"https:\/\/damiuslugi.pl\/index.php?rest_route=%2Fwp%2Fv2%2Fmedia&parent=11"}],"curies":[{"name":"wp","href":"https:\/\/api.w.org\/{rel}","templated":true}]}}